{"id":573,"date":"2022-09-28T05:11:09","date_gmt":"2022-09-28T05:11:09","guid":{"rendered":"https:\/\/ftpdemo.com\/repairex\/?page_id=358"},"modified":"2025-01-28T13:40:13","modified_gmt":"2025-01-28T13:40:13","slug":"contact","status":"publish","type":"page","link":"https:\/\/electricien-depannage-colmar.fr\/?page_id=573","title":{"rendered":"Contact"},"content":{"rendered":"\t\t<div data-elementor-type=\"wp-page\" data-elementor-id=\"573\" class=\"elementor elementor-573\" data-elementor-post-type=\"page\">\n\t\t\t\t\t\t<section class=\"elementor-section elementor-top-section elementor-element elementor-element-957681b elementor-section-boxed elementor-section-height-default elementor-section-height-default\" data-id=\"957681b\" data-element_type=\"section\" data-e-type=\"section\">\n\t\t\t\t\t\t<div class=\"elementor-container elementor-column-gap-no\">\n\t\t\t\t\t<div class=\"elementor-column elementor-col-33 elementor-top-column elementor-element elementor-element-00f531e\" data-id=\"00f531e\" data-element_type=\"column\" data-e-type=\"column\">\n\t\t\t<div class=\"elementor-widget-wrap elementor-element-populated\">\n\t\t\t\t\t\t<div class=\"elementor-element elementor-element-d319543 elementor-widget elementor-widget-repairex_contactinfo\" data-id=\"d319543\" data-element_type=\"widget\" data-e-type=\"widget\" data-widget_type=\"repairex_contactinfo.default\">\n\t\t\t\t<div class=\"elementor-widget-container\">\n\t\t\t\t\t        \n\t\t\t\t\n\t\t\t\t\n\t\t\t\t\n\t\t\t\t\n\t\t\n\t\t\t\t\n\t\t<section class=\"contact-seven p_relative pb_150 pdoff\">\n            <div class=\"auto-container\">\n                <div class=\"row clearfix\">\n                    <div class=\"col-lg-12 col-md-12 col-sm-12 info-column\">\n                        <div class=\"info-inner\">\n\t\t\t\t\t\t\t                            <div class=\"sec-title p_relative d_block mb_30\">\n                                <h3 class=\"d_block fs_30 lh_40 fw_bold mb_25\">Contactez-nous !<\/h3>\n                                <p class=\"font_family_poppins color_black\">Contactez-nous par t\u00e9l\u00e9phone \u00e0 tout moment ! Nous r\u00e9pondons \u00e0 toutes vos demandes.<\/p>\n                            <\/div>\n\t\t\t\t\t\t\t                            <ul class=\"info-list clearfix\">\n\t\t\t\t\t\t\t\n\t\t\t\t\t\t\t\t\t\t\t\t\t\t\t\n                                <li class=\"p_relative d_block pl_45 mb_20\">\n                                    <div class=\"icon-box p_absolute l_0 t_2 d_iblock fs_30 z_1 tran_5\">\n                                        <div class=\"icon p_relative d_iblock\"><i class=\" icon-180\"><\/i><\/div>\n                                        <div class=\"icon-img hidden-icon\">\n\t\t\t\t\t\t\t\t\t\t\t\t\t\t\t\t\t\t\t\t\t\t<div class=\"noimage\"><\/div>\n\t\t\t\t\t\t\t\t\t\t\t\t\t\t\t\t\t\t\t\t\t<\/div>\n                                    <\/div>\n                                    <p class=\"font_family_inter color_black\">67 rue du Ladhof 68000 Colmar<\/p>\n                                <\/li>\n\t\t\t\t\t\t\t\t\n\t\t\t\t\t\t\t\t\t\t\t\t\t\t\t\n                                <li class=\"p_relative d_block pl_45 mb_20\">\n                                    <div class=\"icon-box p_absolute l_0 t_2 d_iblock fs_30 z_1 tran_5\">\n                                        <div class=\"icon p_relative d_iblock\"><i class=\" icon-181\"><\/i><\/div>\n                                        <div class=\"icon-img hidden-icon\">\n\t\t\t\t\t\t\t\t\t\t\t\t\t\t\t\t\t\t\t\t\t\t<div class=\"noimage\"><\/div>\n\t\t\t\t\t\t\t\t\t\t\t\t\t\t\t\t\t\t\t\t\t<\/div>\n                                    <\/div>\n                                    <p class=\"font_family_inter color_black\"><a href=\"mailto:contact@electricien-depannage-colmar.fr\">contact@electricien-depannage-colmar.fr<\/a><\/p>\n                                <\/li>\n\t\t\t\t\t\t\t\t\n\t\t\t\t\t\t\t\t\t\t\t\t\t\t\t\n                                <li class=\"p_relative d_block pl_45 mb_20\">\n                                    <div class=\"icon-box p_absolute l_0 t_2 d_iblock fs_30 z_1 tran_5\">\n                                        <div class=\"icon p_relative d_iblock\"><i class=\" icon-182\"><\/i><\/div>\n                                        <div class=\"icon-img hidden-icon\">\n\t\t\t\t\t\t\t\t\t\t\t\t\t\t\t\t\t\t\t\t\t\t<div class=\"noimage\"><\/div>\n\t\t\t\t\t\t\t\t\t\t\t\t\t\t\t\t\t\t\t\t\t<\/div>\n                                    <\/div>\n                                    <p class=\"font_family_inter color_black\"><a href=\"tel:\">06 51 89 93 18<\/a><\/p>\n                                <\/li>\n\t\t\t\t\t\t\t\t\n\t\t\t\t\t\t\t\t\t\t\t\t\t\t\t\t\n                            <\/ul>\n                        <\/div>\n                    <\/div>\n                <\/div>\n            <\/div>\n        <\/section>\n\t\t\n\t\t\t\t\n             \n\t\t\t\t\t\t<\/div>\n\t\t\t\t<\/div>\n\t\t\t\t\t<\/div>\n\t\t<\/div>\n\t\t\t\t<div class=\"elementor-column elementor-col-66 elementor-top-column elementor-element elementor-element-4538e6b\" data-id=\"4538e6b\" data-element_type=\"column\" data-e-type=\"column\">\n\t\t\t<div class=\"elementor-widget-wrap elementor-element-populated\">\n\t\t\t\t\t\t<div class=\"elementor-element elementor-element-5e0c7db elementor-widget elementor-widget-repairex_contact\" data-id=\"5e0c7db\" data-element_type=\"widget\" data-e-type=\"widget\" data-widget_type=\"repairex_contact.default\">\n\t\t\t\t<div class=\"elementor-widget-container\">\n\t\t\t\t\t\t\t\n\t\t\t\t\n\t\t\t\t\n\t\t\t\t\n\t\t\t\t\n\t\t\t\t\n\t\t\t\t\n\t\t\t\t\n\t\t\t\t\n\t\t\t\t\n\t\t\t\t\n\t\t\t\t\n\t\t<section class=\"contact-seven p_relative pb_150 pdoff\">\n            <div class=\"auto-container\">\n                <div class=\"row clearfix\">\n                    <div class=\"col-lg-12 col-md-12 col-sm-12 form-column\">\n                        <div class=\"form-inner p_relative ml_40\">\n                            \n<div class=\"wpcf7 no-js\" id=\"wpcf7-f1256-o1\" lang=\"en-US\" dir=\"ltr\" data-wpcf7-id=\"1256\">\n<div class=\"screen-reader-response\"><p role=\"status\" aria-live=\"polite\" aria-atomic=\"true\"><\/p> <ul><\/ul><\/div>\n<form action=\"\/index.php?rest_route=%2Fwp%2Fv2%2Fpages%2F573#wpcf7-f1256-o1\" method=\"post\" class=\"wpcf7-form init\" aria-label=\"Contact form\" novalidate=\"novalidate\" data-status=\"init\">\n<fieldset class=\"hidden-fields-container\"><input type=\"hidden\" name=\"_wpcf7\" value=\"1256\" \/><input type=\"hidden\" name=\"_wpcf7_version\" value=\"6.1.5\" \/><input type=\"hidden\" name=\"_wpcf7_locale\" value=\"en_US\" \/><input type=\"hidden\" name=\"_wpcf7_unit_tag\" value=\"wpcf7-f1256-o1\" \/><input type=\"hidden\" name=\"_wpcf7_container_post\" value=\"0\" \/><input type=\"hidden\" name=\"_wpcf7_posted_data_hash\" value=\"\" \/>\n<\/fieldset>\n<div id=\"contact-form\">\n\t<div class=\"row clearfix\">\n\t\t<div class=\"col-lg-6 col-md-6 col-sm-12 form-group\">\n\t\t\t<p><span class=\"wpcf7-form-control-wrap\" data-name=\"text-257\"><input size=\"40\" maxlength=\"400\" class=\"wpcf7-form-control wpcf7-text wpcf7-validates-as-required\" aria-required=\"true\" aria-invalid=\"false\" placeholder=\"Votre Nom\" value=\"\" type=\"text\" name=\"text-257\" \/><\/span>\n\t\t\t<\/p>\n\t\t<\/div>\n\t\t<div class=\"col-lg-6 col-md-6 col-sm-12 form-group\">\n\t\t\t<p><span class=\"wpcf7-form-control-wrap\" data-name=\"email-690\"><input size=\"40\" maxlength=\"400\" class=\"wpcf7-form-control wpcf7-email wpcf7-validates-as-required wpcf7-text wpcf7-validates-as-email\" aria-required=\"true\" aria-invalid=\"false\" placeholder=\"Adresse e-mail\" value=\"\" type=\"email\" name=\"email-690\" \/><\/span>\n\t\t\t<\/p>\n\t\t<\/div>\n\t\t<div class=\"col-lg-6 col-md-12 col-sm-12 form-group\">\n\t\t\t<p><span class=\"wpcf7-form-control-wrap\" data-name=\"tel-986\"><input size=\"40\" maxlength=\"400\" class=\"wpcf7-form-control wpcf7-tel wpcf7-validates-as-required wpcf7-text wpcf7-validates-as-tel\" aria-required=\"true\" aria-invalid=\"false\" placeholder=\"T\u00e9l\u00e9phone\" value=\"\" type=\"tel\" name=\"tel-986\" \/><\/span>\n\t\t\t<\/p>\n\t\t<\/div>\n\t\t<div class=\"col-lg-6 col-md-12 col-sm-12 form-group\">\n\t\t\t<p><span class=\"wpcf7-form-control-wrap\" data-name=\"text-257\"><input size=\"40\" maxlength=\"400\" class=\"wpcf7-form-control wpcf7-text wpcf7-validates-as-required\" aria-required=\"true\" aria-invalid=\"false\" placeholder=\"Sujet\" value=\"\" type=\"text\" name=\"text-257\" \/><\/span>\n\t\t\t<\/p>\n\t\t<\/div>\n\t\t<div class=\"col-lg-12 col-md-12 col-sm-12 form-group\">\n\t\t\t<p><span class=\"wpcf7-form-control-wrap\" data-name=\"textarea-169\"><textarea cols=\"40\" rows=\"10\" maxlength=\"2000\" class=\"wpcf7-form-control wpcf7-textarea wpcf7-validates-as-required\" aria-required=\"true\" aria-invalid=\"false\" placeholder=\"Laisser un commentaire\" name=\"textarea-169\"><\/textarea><\/span>\n\t\t\t<\/p>\n\t\t<\/div>\n\t\t<div class=\"col-lg-12 col-md-12 col-sm-12 form-group message-btn\">\n\t\t\t<p><button class=\"theme-btn theme-btn-eight\" type=\"submit\" name=\"submit-form\">Envoyer Message <i class=\"icon-4\"><\/i><\/button>\n\t\t\t<\/p>\n\t\t<\/div>\n\t<\/div>\n<\/div><div class=\"wpcf7-response-output\" aria-hidden=\"true\"><\/div>\n<\/form>\n<\/div>\n                        <\/div>\n                    <\/div>\n                <\/div>\n            <\/div>\n        <\/section>\n\t\t\n\t\t\t\t\n\t\t\t\t\n             \n\t\t\t\t\t\t<\/div>\n\t\t\t\t<\/div>\n\t\t\t\t\t<\/div>\n\t\t<\/div>\n\t\t\t\t\t<\/div>\n\t\t<\/section>\n\t\t\t\t<section class=\"elementor-section elementor-top-section elementor-element elementor-element-fd18f1a elementor-section-full_width elementor-section-height-default elementor-section-height-default\" data-id=\"fd18f1a\" data-element_type=\"section\" data-e-type=\"section\">\n\t\t\t\t\t\t<div class=\"elementor-container elementor-column-gap-no\">\n\t\t\t\t\t<div class=\"elementor-column elementor-col-100 elementor-top-column elementor-element elementor-element-1a2b290\" data-id=\"1a2b290\" data-element_type=\"column\" data-e-type=\"column\">\n\t\t\t<div class=\"elementor-widget-wrap elementor-element-populated\">\n\t\t\t\t\t\t<div class=\"elementor-element elementor-element-2fdbd73 elementor-widget elementor-widget-google_maps\" data-id=\"2fdbd73\" data-element_type=\"widget\" data-e-type=\"widget\" data-widget_type=\"google_maps.default\">\n\t\t\t\t<div class=\"elementor-widget-container\">\n\t\t\t\t\t\t\t<div class=\"elementor-custom-embed\">\n\t\t\t<iframe loading=\"lazy\"\n\t\t\t\t\tsrc=\"https:\/\/maps.google.com\/maps?q=67%20rue%20du%20Ladhof%2C%2068000%20Colmar&#038;t=m&#038;z=14&#038;output=embed&#038;iwloc=near\"\n\t\t\t\t\ttitle=\"67 rue du Ladhof, 68000 Colmar\"\n\t\t\t\t\taria-label=\"67 rue du Ladhof, 68000 Colmar\"\n\t\t\t><\/iframe>\n\t\t<\/div>\n\t\t\t\t\t\t<\/div>\n\t\t\t\t<\/div>\n\t\t\t\t\t<\/div>\n\t\t<\/div>\n\t\t\t\t\t<\/div>\n\t\t<\/section>\n\t\t\t\t<\/div>\n\t\t","protected":false},"excerpt":{"rendered":"<p>Contactez-nous ! Contactez-nous par t\u00e9l\u00e9phone \u00e0 tout moment ! Nous r\u00e9pondons \u00e0 toutes vos demandes. 67 rue du Ladhof 68000 Colmar contact@electricien-depannage-colmar.fr 06 51 89 93 18 Envoyer Message<\/p>\n","protected":false},"author":2,"featured_media":0,"parent":0,"menu_order":0,"comment_status":"closed","ping_status":"closed","template":"elementor_theme","meta":{"footnotes":""},"class_list":["post-573","page","type-page","status-publish","hentry"],"yoast_head":"<!-- This site is optimized with the Yoast SEO plugin v27.5 - https:\/\/yoast.com\/product\/yoast-seo-wordpress\/ -->\n<title>Contact - Electricien D&eacute;pannage Colmar<\/title>\n<meta name=\"robots\" content=\"index, follow, max-snippet:-1, max-image-preview:large, max-video-preview:-1\" \/>\n<link rel=\"canonical\" href=\"https:\/\/electricien-depannage-colmar.fr\/?page_id=573\" \/>\n<meta property=\"og:locale\" content=\"fr_FR\" \/>\n<meta property=\"og:type\" content=\"article\" \/>\n<meta property=\"og:title\" content=\"Contact - Electricien D&eacute;pannage Colmar\" \/>\n<meta property=\"og:description\" content=\"Contactez-nous ! Contactez-nous par t\u00e9l\u00e9phone \u00e0 tout moment ! Nous r\u00e9pondons \u00e0 toutes vos demandes. 67 rue du Ladhof 68000 Colmar contact@electricien-depannage-colmar.fr 06 51 89 93 18 Envoyer Message\" \/>\n<meta property=\"og:url\" content=\"https:\/\/electricien-depannage-colmar.fr\/?page_id=573\" \/>\n<meta property=\"og:site_name\" content=\"Electricien D&eacute;pannage Colmar\" \/>\n<meta property=\"article:modified_time\" content=\"2025-01-28T13:40:13+00:00\" \/>\n<meta name=\"twitter:card\" content=\"summary_large_image\" \/>\n<meta name=\"twitter:label1\" content=\"Dur\u00e9e de lecture estim\u00e9e\" \/>\n\t<meta name=\"twitter:data1\" content=\"1 minute\" \/>\n<script type=\"application\/ld+json\" class=\"yoast-schema-graph\">{\"@context\":\"https:\\\/\\\/schema.org\",\"@graph\":[{\"@type\":\"WebPage\",\"@id\":\"https:\\\/\\\/electricien-depannage-colmar.fr\\\/?page_id=573\",\"url\":\"https:\\\/\\\/electricien-depannage-colmar.fr\\\/?page_id=573\",\"name\":\"Contact - Electricien D&eacute;pannage Colmar\",\"isPartOf\":{\"@id\":\"https:\\\/\\\/electricien-depannage-colmar.fr\\\/#website\"},\"datePublished\":\"2022-09-28T05:11:09+00:00\",\"dateModified\":\"2025-01-28T13:40:13+00:00\",\"breadcrumb\":{\"@id\":\"https:\\\/\\\/electricien-depannage-colmar.fr\\\/?page_id=573#breadcrumb\"},\"inLanguage\":\"fr-FR\",\"potentialAction\":[{\"@type\":\"ReadAction\",\"target\":[\"https:\\\/\\\/electricien-depannage-colmar.fr\\\/?page_id=573\"]}]},{\"@type\":\"BreadcrumbList\",\"@id\":\"https:\\\/\\\/electricien-depannage-colmar.fr\\\/?page_id=573#breadcrumb\",\"itemListElement\":[{\"@type\":\"ListItem\",\"position\":1,\"name\":\"Accueil\",\"item\":\"https:\\\/\\\/electricien-depannage-colmar.fr\\\/\"},{\"@type\":\"ListItem\",\"position\":2,\"name\":\"Contact\"}]},{\"@type\":\"WebSite\",\"@id\":\"https:\\\/\\\/electricien-depannage-colmar.fr\\\/#website\",\"url\":\"https:\\\/\\\/electricien-depannage-colmar.fr\\\/\",\"name\":\"Electricien D&eacute;pannage Colmar\",\"description\":\"\",\"publisher\":{\"@id\":\"https:\\\/\\\/electricien-depannage-colmar.fr\\\/#organization\"},\"potentialAction\":[{\"@type\":\"SearchAction\",\"target\":{\"@type\":\"EntryPoint\",\"urlTemplate\":\"https:\\\/\\\/electricien-depannage-colmar.fr\\\/?s={search_term_string}\"},\"query-input\":{\"@type\":\"PropertyValueSpecification\",\"valueRequired\":true,\"valueName\":\"search_term_string\"}}],\"inLanguage\":\"fr-FR\"},{\"@type\":\"Organization\",\"@id\":\"https:\\\/\\\/electricien-depannage-colmar.fr\\\/#organization\",\"name\":\"Electricien D&eacute;pannage Colmar\",\"url\":\"https:\\\/\\\/electricien-depannage-colmar.fr\\\/\",\"logo\":{\"@type\":\"ImageObject\",\"inLanguage\":\"fr-FR\",\"@id\":\"https:\\\/\\\/electricien-depannage-colmar.fr\\\/#\\\/schema\\\/logo\\\/image\\\/\",\"url\":\"https:\\\/\\\/electricien-depannage-colmar.fr\\\/wp-content\\\/uploads\\\/2025\\\/01\\\/cropped-EDMI-2.png\",\"contentUrl\":\"https:\\\/\\\/electricien-depannage-colmar.fr\\\/wp-content\\\/uploads\\\/2025\\\/01\\\/cropped-EDMI-2.png\",\"width\":250,\"height\":250,\"caption\":\"Electricien D&eacute;pannage Colmar\"},\"image\":{\"@id\":\"https:\\\/\\\/electricien-depannage-colmar.fr\\\/#\\\/schema\\\/logo\\\/image\\\/\"}}]}<\/script>\n<!-- \/ Yoast SEO plugin. -->","yoast_head_json":{"title":"Contact - Electricien D&eacute;pannage Colmar","robots":{"index":"index","follow":"follow","max-snippet":"max-snippet:-1","max-image-preview":"max-image-preview:large","max-video-preview":"max-video-preview:-1"},"canonical":"https:\/\/electricien-depannage-colmar.fr\/?page_id=573","og_locale":"fr_FR","og_type":"article","og_title":"Contact - Electricien D&eacute;pannage Colmar","og_description":"Contactez-nous ! Contactez-nous par t\u00e9l\u00e9phone \u00e0 tout moment ! Nous r\u00e9pondons \u00e0 toutes vos demandes. 67 rue du Ladhof 68000 Colmar contact@electricien-depannage-colmar.fr 06 51 89 93 18 Envoyer Message","og_url":"https:\/\/electricien-depannage-colmar.fr\/?page_id=573","og_site_name":"Electricien D&eacute;pannage Colmar","article_modified_time":"2025-01-28T13:40:13+00:00","twitter_card":"summary_large_image","twitter_misc":{"Dur\u00e9e de lecture estim\u00e9e":"1 minute"},"schema":{"@context":"https:\/\/schema.org","@graph":[{"@type":"WebPage","@id":"https:\/\/electricien-depannage-colmar.fr\/?page_id=573","url":"https:\/\/electricien-depannage-colmar.fr\/?page_id=573","name":"Contact - Electricien D&eacute;pannage Colmar","isPartOf":{"@id":"https:\/\/electricien-depannage-colmar.fr\/#website"},"datePublished":"2022-09-28T05:11:09+00:00","dateModified":"2025-01-28T13:40:13+00:00","breadcrumb":{"@id":"https:\/\/electricien-depannage-colmar.fr\/?page_id=573#breadcrumb"},"inLanguage":"fr-FR","potentialAction":[{"@type":"ReadAction","target":["https:\/\/electricien-depannage-colmar.fr\/?page_id=573"]}]},{"@type":"BreadcrumbList","@id":"https:\/\/electricien-depannage-colmar.fr\/?page_id=573#breadcrumb","itemListElement":[{"@type":"ListItem","position":1,"name":"Accueil","item":"https:\/\/electricien-depannage-colmar.fr\/"},{"@type":"ListItem","position":2,"name":"Contact"}]},{"@type":"WebSite","@id":"https:\/\/electricien-depannage-colmar.fr\/#website","url":"https:\/\/electricien-depannage-colmar.fr\/","name":"Electricien D&eacute;pannage Colmar","description":"","publisher":{"@id":"https:\/\/electricien-depannage-colmar.fr\/#organization"},"potentialAction":[{"@type":"SearchAction","target":{"@type":"EntryPoint","urlTemplate":"https:\/\/electricien-depannage-colmar.fr\/?s={search_term_string}"},"query-input":{"@type":"PropertyValueSpecification","valueRequired":true,"valueName":"search_term_string"}}],"inLanguage":"fr-FR"},{"@type":"Organization","@id":"https:\/\/electricien-depannage-colmar.fr\/#organization","name":"Electricien D&eacute;pannage Colmar","url":"https:\/\/electricien-depannage-colmar.fr\/","logo":{"@type":"ImageObject","inLanguage":"fr-FR","@id":"https:\/\/electricien-depannage-colmar.fr\/#\/schema\/logo\/image\/","url":"https:\/\/electricien-depannage-colmar.fr\/wp-content\/uploads\/2025\/01\/cropped-EDMI-2.png","contentUrl":"https:\/\/electricien-depannage-colmar.fr\/wp-content\/uploads\/2025\/01\/cropped-EDMI-2.png","width":250,"height":250,"caption":"Electricien D&eacute;pannage Colmar"},"image":{"@id":"https:\/\/electricien-depannage-colmar.fr\/#\/schema\/logo\/image\/"}}]}},"_links":{"self":[{"href":"https:\/\/electricien-depannage-colmar.fr\/index.php?rest_route=\/wp\/v2\/pages\/573","targetHints":{"allow":["GET"]}}],"collection":[{"href":"https:\/\/electricien-depannage-colmar.fr\/index.php?rest_route=\/wp\/v2\/pages"}],"about":[{"href":"https:\/\/electricien-depannage-colmar.fr\/index.php?rest_route=\/wp\/v2\/types\/page"}],"author":[{"embeddable":true,"href":"https:\/\/electricien-depannage-colmar.fr\/index.php?rest_route=\/wp\/v2\/users\/2"}],"replies":[{"embeddable":true,"href":"https:\/\/electricien-depannage-colmar.fr\/index.php?rest_route=%2Fwp%2Fv2%2Fcomments&post=573"}],"version-history":[{"count":18,"href":"https:\/\/electricien-depannage-colmar.fr\/index.php?rest_route=\/wp\/v2\/pages\/573\/revisions"}],"predecessor-version":[{"id":1426,"href":"https:\/\/electricien-depannage-colmar.fr\/index.php?rest_route=\/wp\/v2\/pages\/573\/revisions\/1426"}],"wp:attachment":[{"href":"https:\/\/electricien-depannage-colmar.fr\/index.php?rest_route=%2Fwp%2Fv2%2Fmedia&parent=573"}],"curies":[{"name":"wp","href":"https:\/\/api.w.org\/{rel}","templated":true}]}}