{"id":284,"date":"2024-08-22T10:22:35","date_gmt":"2024-08-22T10:22:35","guid":{"rendered":"https:\/\/electricien-depannage-colmar.fr\/?page_id=284"},"modified":"2025-01-30T12:41:58","modified_gmt":"2025-01-30T12:41:58","slug":"tarifs","status":"publish","type":"page","link":"https:\/\/electricien-depannage-colmar.fr\/?page_id=284","title":{"rendered":"Tarifs"},"content":{"rendered":"\t\t<div data-elementor-type=\"wp-page\" data-elementor-id=\"284\" class=\"elementor elementor-284\" data-elementor-post-type=\"page\">\n\t\t\t\t<div class=\"elementor-element elementor-element-1f5d5d53 e-flex e-con-boxed e-con e-parent\" data-id=\"1f5d5d53\" data-element_type=\"container\" data-e-type=\"container\">\n\t\t\t\t\t<div class=\"e-con-inner\">\n\t\t<div class=\"elementor-element elementor-element-2746547 e-con-full e-flex e-con e-child\" data-id=\"2746547\" data-element_type=\"container\" data-e-type=\"container\">\n\t\t\t\t<div class=\"elementor-element elementor-element-4d862b4 elementor-widget elementor-widget-heading\" data-id=\"4d862b4\" data-element_type=\"widget\" data-e-type=\"widget\" data-widget_type=\"heading.default\">\n\t\t\t\t<div class=\"elementor-widget-container\">\n\t\t\t\t\t<h2 class=\"elementor-heading-title elementor-size-default\">Nos tarifs par prestation<\/h2>\t\t\t\t<\/div>\n\t\t\t\t<\/div>\n\t\t\t\t<\/div>\n\t\t\t\t\t<\/div>\n\t\t\t\t<\/div>\n\t\t<div class=\"elementor-element elementor-element-9c26a18 e-flex e-con-boxed e-con e-parent\" data-id=\"9c26a18\" data-element_type=\"container\" data-e-type=\"container\">\n\t\t\t\t\t<div class=\"e-con-inner\">\n\t\t\t\t<div class=\"elementor-element elementor-element-9169234 elementor-widget elementor-widget-text-editor\" data-id=\"9169234\" data-element_type=\"widget\" data-e-type=\"widget\" data-widget_type=\"text-editor.default\">\n\t\t\t\t<div class=\"elementor-widget-container\">\n\t\t\t\t\t\t\t\t\t<p>D\u00e9couvrez l&rsquo;ensemble de nos tarifs, en fonction du service propos\u00e9.<\/p>\n<p>Tous nos tarifs sont en HT et \u00ab\u00a0\u00e0 partir de\u00a0\u00bb.<\/p>\n<ul data-sourcepos=\"26:5-31:0\">\n<li data-sourcepos=\"26:5-26:90\"><strong>Maintenance Luminaire :\u00a0<\/strong><\/li>\n<\/ul>\n<ul data-sourcepos=\"26:5-31:0\">\n<li data-sourcepos=\"27:5-27:80\"><strong>Maintenance Prises \u00e9lectriques :<\/strong><\/li>\n<\/ul>\n<ul data-sourcepos=\"26:5-31:0\">\n<li data-sourcepos=\"28:5-28:95\"><strong>Diagnostic Tableau :<\/strong><\/li>\n<\/ul>\n<p><a href=\"https:\/\/electricien-depannage-colmar.fr\/?page_id=573\" target=\"_blank\" rel=\"noopener\"><span style=\"text-decoration: underline;\">Contactez-nous<\/span><\/a> par <strong><a href=\"mailto:contact@electricien-depannage-colmar.fr\" target=\"_blank\" rel=\"noopener\">e-mail<\/a><\/strong> ou par <a href=\"tel:+33651899318\"><strong>t\u00e9l\u00e9phone<\/strong><\/a> pour un devis gratuit !<\/p>\t\t\t\t\t\t\t\t<\/div>\n\t\t\t\t<\/div>\n\t\t\t\t\t<\/div>\n\t\t\t\t<\/div>\n\t\t\t\t<\/div>\n\t\t","protected":false},"excerpt":{"rendered":"<p>Nos tarifs par prestation D\u00e9couvrez l&rsquo;ensemble de nos tarifs, en fonction du service propos\u00e9. Tous nos tarifs sont en HT et \u00ab\u00a0\u00e0 partir de\u00a0\u00bb. Maintenance Luminaire :\u00a0 Maintenance Prises \u00e9lectriques : Diagnostic Tableau : Contactez-nous par e-mail ou par t\u00e9l\u00e9phone pour un devis gratuit !<\/p>\n","protected":false},"author":2,"featured_media":0,"parent":0,"menu_order":0,"comment_status":"closed","ping_status":"closed","template":"elementor_theme","meta":{"footnotes":""},"class_list":["post-284","page","type-page","status-publish","hentry"],"yoast_head":"<!-- This site is optimized with the Yoast SEO plugin v27.5 - https:\/\/yoast.com\/product\/yoast-seo-wordpress\/ -->\n<title>Tarifs - Electricien D&eacute;pannage Colmar<\/title>\n<meta name=\"robots\" content=\"index, follow, max-snippet:-1, max-image-preview:large, max-video-preview:-1\" \/>\n<link rel=\"canonical\" href=\"https:\/\/electricien-depannage-colmar.fr\/?page_id=284\" \/>\n<meta property=\"og:locale\" content=\"fr_FR\" \/>\n<meta property=\"og:type\" content=\"article\" \/>\n<meta property=\"og:title\" content=\"Tarifs - Electricien D&eacute;pannage Colmar\" \/>\n<meta property=\"og:description\" content=\"Nos tarifs par prestation D\u00e9couvrez l&rsquo;ensemble de nos tarifs, en fonction du service propos\u00e9. Tous nos tarifs sont en HT et \u00ab\u00a0\u00e0 partir de\u00a0\u00bb. Maintenance Luminaire :\u00a0 Maintenance Prises \u00e9lectriques : Diagnostic Tableau : Contactez-nous par e-mail ou par t\u00e9l\u00e9phone pour un devis gratuit !\" \/>\n<meta property=\"og:url\" content=\"https:\/\/electricien-depannage-colmar.fr\/?page_id=284\" \/>\n<meta property=\"og:site_name\" content=\"Electricien D&eacute;pannage Colmar\" \/>\n<meta property=\"article:modified_time\" content=\"2025-01-30T12:41:58+00:00\" \/>\n<meta name=\"twitter:card\" content=\"summary_large_image\" \/>\n<meta name=\"twitter:label1\" content=\"Dur\u00e9e de lecture estim\u00e9e\" \/>\n\t<meta name=\"twitter:data1\" content=\"1 minute\" \/>\n<script type=\"application\/ld+json\" class=\"yoast-schema-graph\">{\"@context\":\"https:\\\/\\\/schema.org\",\"@graph\":[{\"@type\":\"WebPage\",\"@id\":\"https:\\\/\\\/electricien-depannage-colmar.fr\\\/?page_id=284\",\"url\":\"https:\\\/\\\/electricien-depannage-colmar.fr\\\/?page_id=284\",\"name\":\"Tarifs - Electricien D&eacute;pannage Colmar\",\"isPartOf\":{\"@id\":\"https:\\\/\\\/electricien-depannage-colmar.fr\\\/#website\"},\"datePublished\":\"2024-08-22T10:22:35+00:00\",\"dateModified\":\"2025-01-30T12:41:58+00:00\",\"breadcrumb\":{\"@id\":\"https:\\\/\\\/electricien-depannage-colmar.fr\\\/?page_id=284#breadcrumb\"},\"inLanguage\":\"fr-FR\",\"potentialAction\":[{\"@type\":\"ReadAction\",\"target\":[\"https:\\\/\\\/electricien-depannage-colmar.fr\\\/?page_id=284\"]}]},{\"@type\":\"BreadcrumbList\",\"@id\":\"https:\\\/\\\/electricien-depannage-colmar.fr\\\/?page_id=284#breadcrumb\",\"itemListElement\":[{\"@type\":\"ListItem\",\"position\":1,\"name\":\"Accueil\",\"item\":\"https:\\\/\\\/electricien-depannage-colmar.fr\\\/\"},{\"@type\":\"ListItem\",\"position\":2,\"name\":\"Tarifs\"}]},{\"@type\":\"WebSite\",\"@id\":\"https:\\\/\\\/electricien-depannage-colmar.fr\\\/#website\",\"url\":\"https:\\\/\\\/electricien-depannage-colmar.fr\\\/\",\"name\":\"Electricien D&eacute;pannage Colmar\",\"description\":\"\",\"publisher\":{\"@id\":\"https:\\\/\\\/electricien-depannage-colmar.fr\\\/#organization\"},\"potentialAction\":[{\"@type\":\"SearchAction\",\"target\":{\"@type\":\"EntryPoint\",\"urlTemplate\":\"https:\\\/\\\/electricien-depannage-colmar.fr\\\/?s={search_term_string}\"},\"query-input\":{\"@type\":\"PropertyValueSpecification\",\"valueRequired\":true,\"valueName\":\"search_term_string\"}}],\"inLanguage\":\"fr-FR\"},{\"@type\":\"Organization\",\"@id\":\"https:\\\/\\\/electricien-depannage-colmar.fr\\\/#organization\",\"name\":\"Electricien D&eacute;pannage Colmar\",\"url\":\"https:\\\/\\\/electricien-depannage-colmar.fr\\\/\",\"logo\":{\"@type\":\"ImageObject\",\"inLanguage\":\"fr-FR\",\"@id\":\"https:\\\/\\\/electricien-depannage-colmar.fr\\\/#\\\/schema\\\/logo\\\/image\\\/\",\"url\":\"https:\\\/\\\/electricien-depannage-colmar.fr\\\/wp-content\\\/uploads\\\/2025\\\/01\\\/cropped-EDMI-2.png\",\"contentUrl\":\"https:\\\/\\\/electricien-depannage-colmar.fr\\\/wp-content\\\/uploads\\\/2025\\\/01\\\/cropped-EDMI-2.png\",\"width\":250,\"height\":250,\"caption\":\"Electricien D&eacute;pannage Colmar\"},\"image\":{\"@id\":\"https:\\\/\\\/electricien-depannage-colmar.fr\\\/#\\\/schema\\\/logo\\\/image\\\/\"}}]}<\/script>\n<!-- \/ Yoast SEO plugin. -->","yoast_head_json":{"title":"Tarifs - Electricien D&eacute;pannage Colmar","robots":{"index":"index","follow":"follow","max-snippet":"max-snippet:-1","max-image-preview":"max-image-preview:large","max-video-preview":"max-video-preview:-1"},"canonical":"https:\/\/electricien-depannage-colmar.fr\/?page_id=284","og_locale":"fr_FR","og_type":"article","og_title":"Tarifs - Electricien D&eacute;pannage Colmar","og_description":"Nos tarifs par prestation D\u00e9couvrez l&rsquo;ensemble de nos tarifs, en fonction du service propos\u00e9. Tous nos tarifs sont en HT et \u00ab\u00a0\u00e0 partir de\u00a0\u00bb. Maintenance Luminaire :\u00a0 Maintenance Prises \u00e9lectriques : Diagnostic Tableau : Contactez-nous par e-mail ou par t\u00e9l\u00e9phone pour un devis gratuit !","og_url":"https:\/\/electricien-depannage-colmar.fr\/?page_id=284","og_site_name":"Electricien D&eacute;pannage Colmar","article_modified_time":"2025-01-30T12:41:58+00:00","twitter_card":"summary_large_image","twitter_misc":{"Dur\u00e9e de lecture estim\u00e9e":"1 minute"},"schema":{"@context":"https:\/\/schema.org","@graph":[{"@type":"WebPage","@id":"https:\/\/electricien-depannage-colmar.fr\/?page_id=284","url":"https:\/\/electricien-depannage-colmar.fr\/?page_id=284","name":"Tarifs - Electricien D&eacute;pannage Colmar","isPartOf":{"@id":"https:\/\/electricien-depannage-colmar.fr\/#website"},"datePublished":"2024-08-22T10:22:35+00:00","dateModified":"2025-01-30T12:41:58+00:00","breadcrumb":{"@id":"https:\/\/electricien-depannage-colmar.fr\/?page_id=284#breadcrumb"},"inLanguage":"fr-FR","potentialAction":[{"@type":"ReadAction","target":["https:\/\/electricien-depannage-colmar.fr\/?page_id=284"]}]},{"@type":"BreadcrumbList","@id":"https:\/\/electricien-depannage-colmar.fr\/?page_id=284#breadcrumb","itemListElement":[{"@type":"ListItem","position":1,"name":"Accueil","item":"https:\/\/electricien-depannage-colmar.fr\/"},{"@type":"ListItem","position":2,"name":"Tarifs"}]},{"@type":"WebSite","@id":"https:\/\/electricien-depannage-colmar.fr\/#website","url":"https:\/\/electricien-depannage-colmar.fr\/","name":"Electricien D&eacute;pannage Colmar","description":"","publisher":{"@id":"https:\/\/electricien-depannage-colmar.fr\/#organization"},"potentialAction":[{"@type":"SearchAction","target":{"@type":"EntryPoint","urlTemplate":"https:\/\/electricien-depannage-colmar.fr\/?s={search_term_string}"},"query-input":{"@type":"PropertyValueSpecification","valueRequired":true,"valueName":"search_term_string"}}],"inLanguage":"fr-FR"},{"@type":"Organization","@id":"https:\/\/electricien-depannage-colmar.fr\/#organization","name":"Electricien D&eacute;pannage Colmar","url":"https:\/\/electricien-depannage-colmar.fr\/","logo":{"@type":"ImageObject","inLanguage":"fr-FR","@id":"https:\/\/electricien-depannage-colmar.fr\/#\/schema\/logo\/image\/","url":"https:\/\/electricien-depannage-colmar.fr\/wp-content\/uploads\/2025\/01\/cropped-EDMI-2.png","contentUrl":"https:\/\/electricien-depannage-colmar.fr\/wp-content\/uploads\/2025\/01\/cropped-EDMI-2.png","width":250,"height":250,"caption":"Electricien D&eacute;pannage Colmar"},"image":{"@id":"https:\/\/electricien-depannage-colmar.fr\/#\/schema\/logo\/image\/"}}]}},"_links":{"self":[{"href":"https:\/\/electricien-depannage-colmar.fr\/index.php?rest_route=\/wp\/v2\/pages\/284","targetHints":{"allow":["GET"]}}],"collection":[{"href":"https:\/\/electricien-depannage-colmar.fr\/index.php?rest_route=\/wp\/v2\/pages"}],"about":[{"href":"https:\/\/electricien-depannage-colmar.fr\/index.php?rest_route=\/wp\/v2\/types\/page"}],"author":[{"embeddable":true,"href":"https:\/\/electricien-depannage-colmar.fr\/index.php?rest_route=\/wp\/v2\/users\/2"}],"replies":[{"embeddable":true,"href":"https:\/\/electricien-depannage-colmar.fr\/index.php?rest_route=%2Fwp%2Fv2%2Fcomments&post=284"}],"version-history":[{"count":19,"href":"https:\/\/electricien-depannage-colmar.fr\/index.php?rest_route=\/wp\/v2\/pages\/284\/revisions"}],"predecessor-version":[{"id":1567,"href":"https:\/\/electricien-depannage-colmar.fr\/index.php?rest_route=\/wp\/v2\/pages\/284\/revisions\/1567"}],"wp:attachment":[{"href":"https:\/\/electricien-depannage-colmar.fr\/index.php?rest_route=%2Fwp%2Fv2%2Fmedia&parent=284"}],"curies":[{"name":"wp","href":"https:\/\/api.w.org\/{rel}","templated":true}]}}