{"id":1402,"date":"2025-01-28T13:22:50","date_gmt":"2025-01-28T13:22:50","guid":{"rendered":"https:\/\/electricien-depannage-colmar.fr\/?page_id=1402"},"modified":"2025-01-30T12:25:33","modified_gmt":"2025-01-30T12:25:33","slug":"diagnostic-tableau","status":"publish","type":"page","link":"https:\/\/electricien-depannage-colmar.fr\/?page_id=1402","title":{"rendered":"Diagnostic Tableau"},"content":{"rendered":"\t\t<div data-elementor-type=\"wp-page\" data-elementor-id=\"1402\" class=\"elementor elementor-1402\" data-elementor-post-type=\"page\">\n\t\t\t\t<div class=\"elementor-element elementor-element-05854f2 e-flex e-con-boxed e-con e-parent\" data-id=\"05854f2\" data-element_type=\"container\" data-e-type=\"container\">\n\t\t\t\t\t<div class=\"e-con-inner\">\n\t\t\t\t<div class=\"elementor-element elementor-element-4a3b569 elementor-align-left elementor-widget elementor-widget-button\" data-id=\"4a3b569\" data-element_type=\"widget\" data-e-type=\"widget\" data-widget_type=\"button.default\">\n\t\t\t\t<div class=\"elementor-widget-container\">\n\t\t\t\t\t\t\t\t\t<div class=\"elementor-button-wrapper\">\n\t\t\t\t\t<a class=\"elementor-button elementor-button-link elementor-size-sm\" href=\"tel:+33651899318\">\n\t\t\t\t\t\t<span class=\"elementor-button-content-wrapper\">\n\t\t\t\t\t\t<span class=\"elementor-button-icon\">\n\t\t\t\t<svg aria-hidden=\"true\" class=\"e-font-icon-svg e-fas-phone-alt\" viewBox=\"0 0 512 512\" xmlns=\"http:\/\/www.w3.org\/2000\/svg\"><path d=\"M497.39 361.8l-112-48a24 24 0 0 0-28 6.9l-49.6 60.6A370.66 370.66 0 0 1 130.6 204.11l60.6-49.6a23.94 23.94 0 0 0 6.9-28l-48-112A24.16 24.16 0 0 0 122.6.61l-104 24A24 24 0 0 0 0 48c0 256.5 207.9 464 464 464a24 24 0 0 0 23.4-18.6l24-104a24.29 24.29 0 0 0-14.01-27.6z\"><\/path><\/svg>\t\t\t<\/span>\n\t\t\t\t\t\t\t\t\t<span class=\"elementor-button-text\">URGENCE<\/span>\n\t\t\t\t\t<\/span>\n\t\t\t\t\t<\/a>\n\t\t\t\t<\/div>\n\t\t\t\t\t\t\t\t<\/div>\n\t\t\t\t<\/div>\n\t\t\t\t<div class=\"elementor-element elementor-element-733000a elementor-widget elementor-widget-heading\" data-id=\"733000a\" data-element_type=\"widget\" data-e-type=\"widget\" data-widget_type=\"heading.default\">\n\t\t\t\t<div class=\"elementor-widget-container\">\n\t\t\t\t\t<h2 class=\"elementor-heading-title elementor-size-default\">Diagnostic Tableau : La s\u00e9curit\u00e9 de votre installation \u00e9lectrique entre de bonnes mains !<\/h2>\t\t\t\t<\/div>\n\t\t\t\t<\/div>\n\t\t\t\t\t<\/div>\n\t\t\t\t<\/div>\n\t\t<div class=\"elementor-element elementor-element-22d6832 e-flex e-con-boxed e-con e-parent\" data-id=\"22d6832\" data-element_type=\"container\" data-e-type=\"container\">\n\t\t\t\t\t<div class=\"e-con-inner\">\n\t\t\t\t<div class=\"elementor-element elementor-element-174b398 elementor-widget elementor-widget-text-editor\" data-id=\"174b398\" data-element_type=\"widget\" data-e-type=\"widget\" data-widget_type=\"text-editor.default\">\n\t\t\t\t<div class=\"elementor-widget-container\">\n\t\t\t\t\t\t\t\t\t<h2 data-sourcepos=\"1:1-1:141\">\u00a0<\/h2><p data-sourcepos=\"3:1-3:381\">Le tableau \u00e9lectrique est le c\u0153ur de votre installation \u00e9lectrique. Il assure la distribution du courant dans votre logement ou votre local professionnel et prot\u00e8ge les personnes et les biens contre les risques \u00e9lectriques. Un diagnostic r\u00e9gulier de votre tableau \u00e9lectrique est donc crucial pour garantir sa s\u00e9curit\u00e9, son bon fonctionnement et sa conformit\u00e9 aux normes en vigueur.<\/p><p data-sourcepos=\"5:1-5:403\"><strong>\u00c9lectricien D\u00e9pannage Colmar<\/strong>, votre expert en \u00e9lectricit\u00e9 \u00e0 Colmar, met \u00e0 votre disposition son expertise pour r\u00e9aliser un <strong>diagnostic complet de votre tableau \u00e9lectrique<\/strong>. Nos \u00e9lectriciens qualifi\u00e9s effectuent une analyse approfondie de votre installation et vous fournissent un rapport d\u00e9taill\u00e9, accompagn\u00e9 de conseils personnalis\u00e9s pour optimiser votre s\u00e9curit\u00e9 et votre consommation d&rsquo;\u00e9nergie.<\/p><p data-sourcepos=\"8:1-8:56\"><strong>Nos prestations de diagnostic de tableau \u00e9lectrique:<\/strong><\/p><ul data-sourcepos=\"10:1-17:0\"><li data-sourcepos=\"10:1-10:287\"><strong>V\u00e9rification de la conformit\u00e9 aux normes<\/strong>: Nos \u00e9lectriciens v\u00e9rifient la conformit\u00e9 de votre tableau \u00e9lectrique aux normes NFC 15-100, en vigueur en France. Cette norme d\u00e9finit les r\u00e8gles de s\u00e9curit\u00e9 et les exigences techniques pour les installations \u00e9lectriques dans les b\u00e2timents.<\/li><li data-sourcepos=\"11:1-11:349\"><strong>Contr\u00f4le des dispositifs de protection<\/strong>: Nous contr\u00f4lons le bon fonctionnement des dispositifs de protection de votre tableau \u00e9lectrique : disjoncteurs diff\u00e9rentiels, interrupteurs diff\u00e9rentiels, fusibles&#8230; Ces dispositifs prot\u00e8gent les personnes contre les risques d&rsquo;\u00e9lectrocution et les biens contre les surintensit\u00e9s et les courts-circuits.<\/li><li data-sourcepos=\"12:1-12:198\"><strong>Inspection des composants<\/strong>: Nos \u00e9lectriciens inspectent l&rsquo;\u00e9tat g\u00e9n\u00e9ral de votre tableau \u00e9lectrique : \u00e9tat des c\u00e2bles, serrages des connexions, pr\u00e9sence de corrosion ou de traces de chauffe&#8230;<\/li><li data-sourcepos=\"13:1-13:149\"><strong>Mesure de la terre<\/strong>: Nous effectuons une mesure de la r\u00e9sistance de la prise de terre pour garantir son efficacit\u00e9 en cas de d\u00e9faut d&rsquo;isolement.<\/li><li data-sourcepos=\"14:1-14:130\"><strong>Analyse de la consommation<\/strong>: Nous analysons votre consommation \u00e9lectrique et identifions les sources de gaspillage d&rsquo;\u00e9nergie.<\/li><li data-sourcepos=\"15:1-17:0\"><strong>Rapport d\u00e9taill\u00e9 et conseils personnalis\u00e9s<\/strong>: \u00c0 l&rsquo;issue du diagnostic, nous vous fournissons un rapport d\u00e9taill\u00e9 avec nos observations et nos recommandations pour am\u00e9liorer la s\u00e9curit\u00e9 et la performance de votre installation \u00e9lectrique.<\/li><\/ul><p data-sourcepos=\"18:1-18:98\"><strong>Pourquoi choisir \u00c9lectricien D\u00e9pannage Colmar pour le diagnostic de votre tableau \u00e9lectrique ?<\/strong><\/p><ul data-sourcepos=\"20:1-26:0\"><li data-sourcepos=\"20:1-20:174\"><strong>Expertise et professionnalisme<\/strong>: Nos \u00e9lectriciens sont qualifi\u00e9s et exp\u00e9riment\u00e9s, et poss\u00e8dent une connaissance approfondie des normes et des r\u00e9glementations en vigueur.<\/li><li data-sourcepos=\"21:1-21:138\"><strong>\u00c9quipement performant<\/strong>: Nous utilisons des outils de diagnostic de pointe pour garantir la pr\u00e9cision et la fiabilit\u00e9 de nos analyses.<\/li><li data-sourcepos=\"22:1-22:141\"><strong>Transparence et clart\u00e9<\/strong>: Nous vous expliquons clairement les r\u00e9sultats du diagnostic et vous conseillons sur les actions \u00e0 entreprendre.<\/li><li data-sourcepos=\"23:1-23:125\"><strong>Intervention rapide<\/strong>: Nous intervenons dans les meilleurs d\u00e9lais \u00e0 Colmar et ses environs, pour r\u00e9pondre \u00e0 vos besoins.<\/li><li data-sourcepos=\"24:1-26:0\"><strong>Devis gratuit<\/strong>: Nous vous fournissons un devis gratuit et d\u00e9taill\u00e9 avant chaque intervention.<\/li><\/ul><p data-sourcepos=\"27:1-27:64\"><strong>Quand faut-il r\u00e9aliser un diagnostic de tableau \u00e9lectrique ?<\/strong><\/p><ul data-sourcepos=\"29:1-34:0\"><li data-sourcepos=\"29:1-29:251\"><strong>Lors de l&rsquo;achat d&rsquo;un bien immobilier<\/strong>: Un diagnostic \u00e9lectrique est fortement recommand\u00e9 lors de l&rsquo;acquisition d&rsquo;un logement ou d&rsquo;un local professionnel, afin de conna\u00eetre l&rsquo;\u00e9tat de l&rsquo;installation \u00e9lectrique et d&rsquo;anticiper les \u00e9ventuels travaux.<\/li><li data-sourcepos=\"30:1-30:217\"><strong>En cas de r\u00e9novation<\/strong>: Si vous entreprenez des travaux de r\u00e9novation, il est important de faire v\u00e9rifier votre tableau \u00e9lectrique pour s&rsquo;assurer qu&rsquo;il est adapt\u00e9 \u00e0 la nouvelle configuration de votre installation.<\/li><li data-sourcepos=\"31:1-31:166\"><strong>Tous les 10 ans<\/strong>: Il est recommand\u00e9 de faire r\u00e9aliser un diagnostic complet de votre tableau \u00e9lectrique tous les 10 ans, m\u00eame en l&rsquo;absence de probl\u00e8me apparent.<\/li><li data-sourcepos=\"32:1-34:0\"><strong>En cas de dysfonctionnement<\/strong>: Si vous constatez des dysfonctionnements \u00e9lectriques (coupures de courant fr\u00e9quentes, disjoncteurs qui sautent&#8230;), il est imp\u00e9ratif de faire diagnostiquer votre tableau \u00e9lectrique.<\/li><\/ul><p data-sourcepos=\"35:1-35:56\"><strong>Les avantages d&rsquo;un diagnostic de tableau \u00e9lectrique:<\/strong><\/p><ul data-sourcepos=\"37:1-42:0\"><li data-sourcepos=\"37:1-37:169\"><strong>S\u00e9curit\u00e9 renforc\u00e9e<\/strong>: Un diagnostic permet de d\u00e9tecter les anomalies et les risques \u00e9lectriques potentiels, et de prendre les mesures n\u00e9cessaires pour les corriger.<\/li><li data-sourcepos=\"38:1-38:162\"><strong>Conformit\u00e9 aux normes<\/strong>: Vous avez l&rsquo;assurance que votre installation \u00e9lectrique est conforme aux normes en vigueur, ce qui est important en cas de sinistre.<\/li><li data-sourcepos=\"39:1-39:195\"><strong>Optimisation de la consommation d&rsquo;\u00e9nergie<\/strong>: Le diagnostic permet d&rsquo;identifier les sources de gaspillage d&rsquo;\u00e9nergie et de vous proposer des solutions pour r\u00e9duire votre facture d&rsquo;\u00e9lectricit\u00e9.<\/li><li data-sourcepos=\"40:1-42:0\"><strong>Valorisation de votre bien<\/strong>: Un diagnostic \u00e9lectrique est un atout lors de la vente ou de la location d&rsquo;un bien immobilier.<\/li><\/ul><p data-sourcepos=\"43:1-43:177\"><strong>Ne n\u00e9gligez pas la s\u00e9curit\u00e9 de votre installation \u00e9lectrique. <span style=\"text-decoration: underline;\"><a href=\"tel:+33651899318\">Contactez<\/a><\/span> d\u00e8s aujourd&rsquo;hui \u00c9lectricien D\u00e9pannage Colmar pour un diagnostic complet de votre tableau \u00e9lectrique !<\/strong><\/p><p data-sourcepos=\"46:1-46:291\">\u00a0<\/p>\t\t\t\t\t\t\t\t<\/div>\n\t\t\t\t<\/div>\n\t\t\t\t<div class=\"elementor-element elementor-element-c9aee40 elementor-align-right elementor-widget elementor-widget-button\" data-id=\"c9aee40\" data-element_type=\"widget\" data-e-type=\"widget\" data-widget_type=\"button.default\">\n\t\t\t\t<div class=\"elementor-widget-container\">\n\t\t\t\t\t\t\t\t\t<div class=\"elementor-button-wrapper\">\n\t\t\t\t\t<a class=\"elementor-button elementor-button-link elementor-size-sm\" href=\"https:\/\/electricien-depannage-colmar.fr\/?page_id=284\" target=\"_blank\">\n\t\t\t\t\t\t<span class=\"elementor-button-content-wrapper\">\n\t\t\t\t\t\t<span class=\"elementor-button-icon\">\n\t\t\t\t<svg aria-hidden=\"true\" class=\"e-font-icon-svg e-fas-euro-sign\" viewBox=\"0 0 320 512\" xmlns=\"http:\/\/www.w3.org\/2000\/svg\"><path d=\"M310.706 413.765c-1.314-6.63-7.835-10.872-14.424-9.369-10.692 2.439-27.422 5.413-45.426 5.413-56.763 0-101.929-34.79-121.461-85.449h113.689a12 12 0 0 0 11.708-9.369l6.373-28.36c1.686-7.502-4.019-14.631-11.708-14.631H115.22c-1.21-14.328-1.414-28.287.137-42.245H261.95a12 12 0 0 0 11.723-9.434l6.512-29.755c1.638-7.484-4.061-14.566-11.723-14.566H130.184c20.633-44.991 62.69-75.03 117.619-75.03 14.486 0 28.564 2.25 37.851 4.145 6.216 1.268 12.347-2.498 14.002-8.623l11.991-44.368c1.822-6.741-2.465-13.616-9.326-14.917C290.217 34.912 270.71 32 249.635 32 152.451 32 74.03 92.252 45.075 176H12c-6.627 0-12 5.373-12 12v29.755c0 6.627 5.373 12 12 12h21.569c-1.009 13.607-1.181 29.287-.181 42.245H12c-6.627 0-12 5.373-12 12v28.36c0 6.627 5.373 12 12 12h30.114C67.139 414.692 145.264 480 249.635 480c26.301 0 48.562-4.544 61.101-7.788 6.167-1.595 10.027-7.708 8.788-13.957l-8.818-44.49z\"><\/path><\/svg>\t\t\t<\/span>\n\t\t\t\t\t\t\t\t\t<span class=\"elementor-button-text\">TARIFS<\/span>\n\t\t\t\t\t<\/span>\n\t\t\t\t\t<\/a>\n\t\t\t\t<\/div>\n\t\t\t\t\t\t\t\t<\/div>\n\t\t\t\t<\/div>\n\t\t\t\t\t<\/div>\n\t\t\t\t<\/div>\n\t\t<div class=\"elementor-element elementor-element-9f3e91c e-flex e-con-boxed e-con e-parent\" data-id=\"9f3e91c\" data-element_type=\"container\" data-e-type=\"container\">\n\t\t\t\t\t<div class=\"e-con-inner\">\n\t\t\t\t<div class=\"elementor-element elementor-element-865dd11 elementor-widget elementor-widget-image\" data-id=\"865dd11\" data-element_type=\"widget\" data-e-type=\"widget\" data-widget_type=\"image.default\">\n\t\t\t\t<div class=\"elementor-widget-container\">\n\t\t\t\t\t\t\t\t\t\t\t\t\t\t\t<img fetchpriority=\"high\" decoding=\"async\" width=\"500\" height=\"500\" src=\"https:\/\/electricien-depannage-colmar.fr\/wp-content\/uploads\/2024\/07\/Design-sans-titre-36.png\" class=\"attachment-large size-large wp-image-82\" alt=\"\" srcset=\"https:\/\/electricien-depannage-colmar.fr\/wp-content\/uploads\/2024\/07\/Design-sans-titre-36.png 500w, https:\/\/electricien-depannage-colmar.fr\/wp-content\/uploads\/2024\/07\/Design-sans-titre-36-300x300.png 300w, https:\/\/electricien-depannage-colmar.fr\/wp-content\/uploads\/2024\/07\/Design-sans-titre-36-100x100.png 100w, https:\/\/electricien-depannage-colmar.fr\/wp-content\/uploads\/2024\/07\/Design-sans-titre-36-150x150.png 150w\" sizes=\"(max-width: 500px) 100vw, 500px\" \/>\t\t\t\t\t\t\t\t\t\t\t\t\t\t\t<\/div>\n\t\t\t\t<\/div>\n\t\t\t\t<div class=\"elementor-element elementor-element-d6b342d elementor-align-center elementor-widget elementor-widget-button\" data-id=\"d6b342d\" data-element_type=\"widget\" data-e-type=\"widget\" data-widget_type=\"button.default\">\n\t\t\t\t<div class=\"elementor-widget-container\">\n\t\t\t\t\t\t\t\t\t<div class=\"elementor-button-wrapper\">\n\t\t\t\t\t<a class=\"elementor-button elementor-button-link elementor-size-sm\" href=\"mailto:contact@electricien-depannage-colmar.fr\">\n\t\t\t\t\t\t<span class=\"elementor-button-content-wrapper\">\n\t\t\t\t\t\t<span class=\"elementor-button-icon\">\n\t\t\t\t<svg aria-hidden=\"true\" class=\"e-font-icon-svg e-fas-at\" viewBox=\"0 0 512 512\" xmlns=\"http:\/\/www.w3.org\/2000\/svg\"><path d=\"M256 8C118.941 8 8 118.919 8 256c0 137.059 110.919 248 248 248 48.154 0 95.342-14.14 135.408-40.223 12.005-7.815 14.625-24.288 5.552-35.372l-10.177-12.433c-7.671-9.371-21.179-11.667-31.373-5.129C325.92 429.757 291.314 440 256 440c-101.458 0-184-82.542-184-184S154.542 72 256 72c100.139 0 184 57.619 184 160 0 38.786-21.093 79.742-58.17 83.693-17.349-.454-16.91-12.857-13.476-30.024l23.433-121.11C394.653 149.75 383.308 136 368.225 136h-44.981a13.518 13.518 0 0 0-13.432 11.993l-.01.092c-14.697-17.901-40.448-21.775-59.971-21.775-74.58 0-137.831 62.234-137.831 151.46 0 65.303 36.785 105.87 96 105.87 26.984 0 57.369-15.637 74.991-38.333 9.522 34.104 40.613 34.103 70.71 34.103C462.609 379.41 504 307.798 504 232 504 95.653 394.023 8 256 8zm-21.68 304.43c-22.249 0-36.07-15.623-36.07-40.771 0-44.993 30.779-72.729 58.63-72.729 22.292 0 35.601 15.241 35.601 40.77 0 45.061-33.875 72.73-58.161 72.73z\"><\/path><\/svg>\t\t\t<\/span>\n\t\t\t\t\t\t\t\t\t<span class=\"elementor-button-text\">CONTACT<\/span>\n\t\t\t\t\t<\/span>\n\t\t\t\t\t<\/a>\n\t\t\t\t<\/div>\n\t\t\t\t\t\t\t\t<\/div>\n\t\t\t\t<\/div>\n\t\t\t\t\t<\/div>\n\t\t\t\t<\/div>\n\t\t\t\t<\/div>\n\t\t","protected":false},"excerpt":{"rendered":"<p>URGENCE Diagnostic Tableau : La s\u00e9curit\u00e9 de votre installation \u00e9lectrique entre de bonnes mains ! \u00a0 Le tableau \u00e9lectrique est le c\u0153ur de votre installation \u00e9lectrique. Il assure la distribution du courant dans votre logement ou votre local professionnel et prot\u00e8ge les personnes et les biens contre les risques \u00e9lectriques. Un diagnostic r\u00e9gulier de votre [&hellip;]<\/p>\n","protected":false},"author":3,"featured_media":0,"parent":0,"menu_order":0,"comment_status":"closed","ping_status":"closed","template":"elementor_theme","meta":{"footnotes":""},"class_list":["post-1402","page","type-page","status-publish","hentry"],"yoast_head":"<!-- This site is optimized with the Yoast SEO plugin v27.5 - https:\/\/yoast.com\/product\/yoast-seo-wordpress\/ -->\n<title>Diagnostic Tableau - Electricien D&eacute;pannage Colmar<\/title>\n<meta name=\"robots\" content=\"index, follow, max-snippet:-1, max-image-preview:large, max-video-preview:-1\" \/>\n<link rel=\"canonical\" href=\"https:\/\/electricien-depannage-colmar.fr\/?page_id=1402\" \/>\n<meta property=\"og:locale\" content=\"fr_FR\" \/>\n<meta property=\"og:type\" content=\"article\" \/>\n<meta property=\"og:title\" content=\"Diagnostic Tableau - Electricien D&eacute;pannage Colmar\" \/>\n<meta property=\"og:description\" content=\"URGENCE Diagnostic Tableau : La s\u00e9curit\u00e9 de votre installation \u00e9lectrique entre de bonnes mains ! \u00a0 Le tableau \u00e9lectrique est le c\u0153ur de votre installation \u00e9lectrique. Il assure la distribution du courant dans votre logement ou votre local professionnel et prot\u00e8ge les personnes et les biens contre les risques \u00e9lectriques. Un diagnostic r\u00e9gulier de votre [&hellip;]\" \/>\n<meta property=\"og:url\" content=\"https:\/\/electricien-depannage-colmar.fr\/?page_id=1402\" \/>\n<meta property=\"og:site_name\" content=\"Electricien D&eacute;pannage Colmar\" \/>\n<meta property=\"article:modified_time\" content=\"2025-01-30T12:25:33+00:00\" \/>\n<meta property=\"og:image\" content=\"https:\/\/electricien-depannage-colmar.fr\/wp-content\/uploads\/2024\/07\/Design-sans-titre-36.png\" \/>\n\t<meta property=\"og:image:width\" content=\"500\" \/>\n\t<meta property=\"og:image:height\" content=\"500\" \/>\n\t<meta property=\"og:image:type\" content=\"image\/png\" \/>\n<meta name=\"twitter:card\" content=\"summary_large_image\" \/>\n<meta name=\"twitter:label1\" content=\"Dur\u00e9e de lecture estim\u00e9e\" \/>\n\t<meta name=\"twitter:data1\" content=\"4 minutes\" \/>\n<script type=\"application\/ld+json\" class=\"yoast-schema-graph\">{\"@context\":\"https:\\\/\\\/schema.org\",\"@graph\":[{\"@type\":\"WebPage\",\"@id\":\"https:\\\/\\\/electricien-depannage-colmar.fr\\\/?page_id=1402\",\"url\":\"https:\\\/\\\/electricien-depannage-colmar.fr\\\/?page_id=1402\",\"name\":\"Diagnostic Tableau - Electricien D&eacute;pannage Colmar\",\"isPartOf\":{\"@id\":\"https:\\\/\\\/electricien-depannage-colmar.fr\\\/#website\"},\"primaryImageOfPage\":{\"@id\":\"https:\\\/\\\/electricien-depannage-colmar.fr\\\/?page_id=1402#primaryimage\"},\"image\":{\"@id\":\"https:\\\/\\\/electricien-depannage-colmar.fr\\\/?page_id=1402#primaryimage\"},\"thumbnailUrl\":\"https:\\\/\\\/electricien-depannage-colmar.fr\\\/wp-content\\\/uploads\\\/2024\\\/07\\\/Design-sans-titre-36.png\",\"datePublished\":\"2025-01-28T13:22:50+00:00\",\"dateModified\":\"2025-01-30T12:25:33+00:00\",\"breadcrumb\":{\"@id\":\"https:\\\/\\\/electricien-depannage-colmar.fr\\\/?page_id=1402#breadcrumb\"},\"inLanguage\":\"fr-FR\",\"potentialAction\":[{\"@type\":\"ReadAction\",\"target\":[\"https:\\\/\\\/electricien-depannage-colmar.fr\\\/?page_id=1402\"]}]},{\"@type\":\"ImageObject\",\"inLanguage\":\"fr-FR\",\"@id\":\"https:\\\/\\\/electricien-depannage-colmar.fr\\\/?page_id=1402#primaryimage\",\"url\":\"https:\\\/\\\/electricien-depannage-colmar.fr\\\/wp-content\\\/uploads\\\/2024\\\/07\\\/Design-sans-titre-36.png\",\"contentUrl\":\"https:\\\/\\\/electricien-depannage-colmar.fr\\\/wp-content\\\/uploads\\\/2024\\\/07\\\/Design-sans-titre-36.png\",\"width\":500,\"height\":500,\"caption\":\"D\u00e9tection\"},{\"@type\":\"BreadcrumbList\",\"@id\":\"https:\\\/\\\/electricien-depannage-colmar.fr\\\/?page_id=1402#breadcrumb\",\"itemListElement\":[{\"@type\":\"ListItem\",\"position\":1,\"name\":\"Accueil\",\"item\":\"https:\\\/\\\/electricien-depannage-colmar.fr\\\/\"},{\"@type\":\"ListItem\",\"position\":2,\"name\":\"Diagnostic Tableau\"}]},{\"@type\":\"WebSite\",\"@id\":\"https:\\\/\\\/electricien-depannage-colmar.fr\\\/#website\",\"url\":\"https:\\\/\\\/electricien-depannage-colmar.fr\\\/\",\"name\":\"Electricien D&eacute;pannage Colmar\",\"description\":\"\",\"publisher\":{\"@id\":\"https:\\\/\\\/electricien-depannage-colmar.fr\\\/#organization\"},\"potentialAction\":[{\"@type\":\"SearchAction\",\"target\":{\"@type\":\"EntryPoint\",\"urlTemplate\":\"https:\\\/\\\/electricien-depannage-colmar.fr\\\/?s={search_term_string}\"},\"query-input\":{\"@type\":\"PropertyValueSpecification\",\"valueRequired\":true,\"valueName\":\"search_term_string\"}}],\"inLanguage\":\"fr-FR\"},{\"@type\":\"Organization\",\"@id\":\"https:\\\/\\\/electricien-depannage-colmar.fr\\\/#organization\",\"name\":\"Electricien D&eacute;pannage Colmar\",\"url\":\"https:\\\/\\\/electricien-depannage-colmar.fr\\\/\",\"logo\":{\"@type\":\"ImageObject\",\"inLanguage\":\"fr-FR\",\"@id\":\"https:\\\/\\\/electricien-depannage-colmar.fr\\\/#\\\/schema\\\/logo\\\/image\\\/\",\"url\":\"https:\\\/\\\/electricien-depannage-colmar.fr\\\/wp-content\\\/uploads\\\/2025\\\/01\\\/cropped-EDMI-2.png\",\"contentUrl\":\"https:\\\/\\\/electricien-depannage-colmar.fr\\\/wp-content\\\/uploads\\\/2025\\\/01\\\/cropped-EDMI-2.png\",\"width\":250,\"height\":250,\"caption\":\"Electricien D&eacute;pannage Colmar\"},\"image\":{\"@id\":\"https:\\\/\\\/electricien-depannage-colmar.fr\\\/#\\\/schema\\\/logo\\\/image\\\/\"}}]}<\/script>\n<!-- \/ Yoast SEO plugin. -->","yoast_head_json":{"title":"Diagnostic Tableau - Electricien D&eacute;pannage Colmar","robots":{"index":"index","follow":"follow","max-snippet":"max-snippet:-1","max-image-preview":"max-image-preview:large","max-video-preview":"max-video-preview:-1"},"canonical":"https:\/\/electricien-depannage-colmar.fr\/?page_id=1402","og_locale":"fr_FR","og_type":"article","og_title":"Diagnostic Tableau - Electricien D&eacute;pannage Colmar","og_description":"URGENCE Diagnostic Tableau : La s\u00e9curit\u00e9 de votre installation \u00e9lectrique entre de bonnes mains ! \u00a0 Le tableau \u00e9lectrique est le c\u0153ur de votre installation \u00e9lectrique. Il assure la distribution du courant dans votre logement ou votre local professionnel et prot\u00e8ge les personnes et les biens contre les risques \u00e9lectriques. Un diagnostic r\u00e9gulier de votre [&hellip;]","og_url":"https:\/\/electricien-depannage-colmar.fr\/?page_id=1402","og_site_name":"Electricien D&eacute;pannage Colmar","article_modified_time":"2025-01-30T12:25:33+00:00","og_image":[{"width":500,"height":500,"url":"https:\/\/electricien-depannage-colmar.fr\/wp-content\/uploads\/2024\/07\/Design-sans-titre-36.png","type":"image\/png"}],"twitter_card":"summary_large_image","twitter_misc":{"Dur\u00e9e de lecture estim\u00e9e":"4 minutes"},"schema":{"@context":"https:\/\/schema.org","@graph":[{"@type":"WebPage","@id":"https:\/\/electricien-depannage-colmar.fr\/?page_id=1402","url":"https:\/\/electricien-depannage-colmar.fr\/?page_id=1402","name":"Diagnostic Tableau - Electricien D&eacute;pannage Colmar","isPartOf":{"@id":"https:\/\/electricien-depannage-colmar.fr\/#website"},"primaryImageOfPage":{"@id":"https:\/\/electricien-depannage-colmar.fr\/?page_id=1402#primaryimage"},"image":{"@id":"https:\/\/electricien-depannage-colmar.fr\/?page_id=1402#primaryimage"},"thumbnailUrl":"https:\/\/electricien-depannage-colmar.fr\/wp-content\/uploads\/2024\/07\/Design-sans-titre-36.png","datePublished":"2025-01-28T13:22:50+00:00","dateModified":"2025-01-30T12:25:33+00:00","breadcrumb":{"@id":"https:\/\/electricien-depannage-colmar.fr\/?page_id=1402#breadcrumb"},"inLanguage":"fr-FR","potentialAction":[{"@type":"ReadAction","target":["https:\/\/electricien-depannage-colmar.fr\/?page_id=1402"]}]},{"@type":"ImageObject","inLanguage":"fr-FR","@id":"https:\/\/electricien-depannage-colmar.fr\/?page_id=1402#primaryimage","url":"https:\/\/electricien-depannage-colmar.fr\/wp-content\/uploads\/2024\/07\/Design-sans-titre-36.png","contentUrl":"https:\/\/electricien-depannage-colmar.fr\/wp-content\/uploads\/2024\/07\/Design-sans-titre-36.png","width":500,"height":500,"caption":"D\u00e9tection"},{"@type":"BreadcrumbList","@id":"https:\/\/electricien-depannage-colmar.fr\/?page_id=1402#breadcrumb","itemListElement":[{"@type":"ListItem","position":1,"name":"Accueil","item":"https:\/\/electricien-depannage-colmar.fr\/"},{"@type":"ListItem","position":2,"name":"Diagnostic Tableau"}]},{"@type":"WebSite","@id":"https:\/\/electricien-depannage-colmar.fr\/#website","url":"https:\/\/electricien-depannage-colmar.fr\/","name":"Electricien D&eacute;pannage Colmar","description":"","publisher":{"@id":"https:\/\/electricien-depannage-colmar.fr\/#organization"},"potentialAction":[{"@type":"SearchAction","target":{"@type":"EntryPoint","urlTemplate":"https:\/\/electricien-depannage-colmar.fr\/?s={search_term_string}"},"query-input":{"@type":"PropertyValueSpecification","valueRequired":true,"valueName":"search_term_string"}}],"inLanguage":"fr-FR"},{"@type":"Organization","@id":"https:\/\/electricien-depannage-colmar.fr\/#organization","name":"Electricien D&eacute;pannage Colmar","url":"https:\/\/electricien-depannage-colmar.fr\/","logo":{"@type":"ImageObject","inLanguage":"fr-FR","@id":"https:\/\/electricien-depannage-colmar.fr\/#\/schema\/logo\/image\/","url":"https:\/\/electricien-depannage-colmar.fr\/wp-content\/uploads\/2025\/01\/cropped-EDMI-2.png","contentUrl":"https:\/\/electricien-depannage-colmar.fr\/wp-content\/uploads\/2025\/01\/cropped-EDMI-2.png","width":250,"height":250,"caption":"Electricien D&eacute;pannage Colmar"},"image":{"@id":"https:\/\/electricien-depannage-colmar.fr\/#\/schema\/logo\/image\/"}}]}},"_links":{"self":[{"href":"https:\/\/electricien-depannage-colmar.fr\/index.php?rest_route=\/wp\/v2\/pages\/1402","targetHints":{"allow":["GET"]}}],"collection":[{"href":"https:\/\/electricien-depannage-colmar.fr\/index.php?rest_route=\/wp\/v2\/pages"}],"about":[{"href":"https:\/\/electricien-depannage-colmar.fr\/index.php?rest_route=\/wp\/v2\/types\/page"}],"author":[{"embeddable":true,"href":"https:\/\/electricien-depannage-colmar.fr\/index.php?rest_route=\/wp\/v2\/users\/3"}],"replies":[{"embeddable":true,"href":"https:\/\/electricien-depannage-colmar.fr\/index.php?rest_route=%2Fwp%2Fv2%2Fcomments&post=1402"}],"version-history":[{"count":28,"href":"https:\/\/electricien-depannage-colmar.fr\/index.php?rest_route=\/wp\/v2\/pages\/1402\/revisions"}],"predecessor-version":[{"id":1555,"href":"https:\/\/electricien-depannage-colmar.fr\/index.php?rest_route=\/wp\/v2\/pages\/1402\/revisions\/1555"}],"wp:attachment":[{"href":"https:\/\/electricien-depannage-colmar.fr\/index.php?rest_route=%2Fwp%2Fv2%2Fmedia&parent=1402"}],"curies":[{"name":"wp","href":"https:\/\/api.w.org\/{rel}","templated":true}]}}